{"id":2888,"date":"2018-03-29T00:09:21","date_gmt":"2018-03-28T22:09:21","guid":{"rendered":"https:\/\/www.kajak-uteliv.com\/?page_id=2888"},"modified":"2018-03-29T00:27:30","modified_gmt":"2018-03-28T22:27:30","slug":"2888-2","status":"publish","type":"page","link":"https:\/\/www.kajak-uteliv.com\/de\/","title":{"rendered":"Zuhause"},"content":{"rendered":"","protected":false},"excerpt":{"rendered":"","protected":false},"author":2,"featured_media":0,"parent":0,"menu_order":0,"comment_status":"closed","ping_status":"closed","template":"","meta":{"_acf_changed":false,"footnotes":""},"class_list":["post-2888","page","type-page","status-publish","hentry"],"acf":[],"yoast_head":"<!-- This site is optimized with the Yoast SEO plugin v27.6 - https:\/\/yoast.com\/product\/yoast-seo-wordpress\/ -->\n<title>Paddla Kajak i Roslagen - Kajak &amp; Uteliv<\/title>\n<meta name=\"description\" content=\"Kajak &amp; Uteliv erbjuder en komplett kajakupplevelse. Hos oss kan du hyra kajak, delta i n\u00e5gon av v\u00e5ra kurser samt k\u00f6pa tillbeh\u00f6r till din kajak.\" \/>\n<meta name=\"robots\" content=\"index, follow, max-snippet:-1, max-image-preview:large, max-video-preview:-1\" \/>\n<link rel=\"canonical\" href=\"https:\/\/www.kajak-uteliv.com\/de\/\" \/>\n<meta property=\"og:locale\" content=\"de_DE\" \/>\n<meta property=\"og:type\" content=\"article\" \/>\n<meta property=\"og:title\" content=\"Paddla Kajak i Roslagen - Kajak &amp; Uteliv\" \/>\n<meta property=\"og:description\" content=\"Kajak &amp; Uteliv erbjuder en komplett kajakupplevelse. Hos oss kan du hyra kajak, delta i n\u00e5gon av v\u00e5ra kurser samt k\u00f6pa tillbeh\u00f6r till din kajak.\" \/>\n<meta property=\"og:url\" content=\"https:\/\/www.kajak-uteliv.com\/de\/\" \/>\n<meta property=\"og:site_name\" content=\"Kajak &amp; Uteliv\" \/>\n<meta property=\"article:publisher\" content=\"https:\/\/www.facebook.com\/KajakochUteliv\/\" \/>\n<meta property=\"article:modified_time\" content=\"2018-03-28T22:27:30+00:00\" \/>\n<meta name=\"twitter:card\" content=\"summary_large_image\" \/>\n<script type=\"application\/ld+json\" class=\"yoast-schema-graph\">{\"@context\":\"https:\\\/\\\/schema.org\",\"@graph\":[{\"@type\":\"WebPage\",\"@id\":\"https:\\\/\\\/www.kajak-uteliv.com\\\/de\\\/\",\"url\":\"https:\\\/\\\/www.kajak-uteliv.com\\\/de\\\/\",\"name\":\"Paddla Kajak i Roslagen - Kajak & Uteliv\",\"isPartOf\":{\"@id\":\"https:\\\/\\\/www.kajak-uteliv.com\\\/de\\\/#website\"},\"datePublished\":\"2018-03-28T22:09:21+00:00\",\"dateModified\":\"2018-03-28T22:27:30+00:00\",\"description\":\"Kajak & Uteliv erbjuder en komplett kajakupplevelse. Hos oss kan du hyra kajak, delta i n\u00e5gon av v\u00e5ra kurser samt k\u00f6pa tillbeh\u00f6r till din kajak.\",\"breadcrumb\":{\"@id\":\"https:\\\/\\\/www.kajak-uteliv.com\\\/de\\\/#breadcrumb\"},\"inLanguage\":\"de-DE\",\"potentialAction\":[{\"@type\":\"ReadAction\",\"target\":[\"https:\\\/\\\/www.kajak-uteliv.com\\\/de\\\/\"]}]},{\"@type\":\"BreadcrumbList\",\"@id\":\"https:\\\/\\\/www.kajak-uteliv.com\\\/de\\\/#breadcrumb\",\"itemListElement\":[{\"@type\":\"ListItem\",\"position\":1,\"name\":\"Hem\",\"item\":\"https:\\\/\\\/www.kajak-uteliv.com\\\/de\\\/\"},{\"@type\":\"ListItem\",\"position\":2,\"name\":\"Zuhause\"}]},{\"@type\":\"WebSite\",\"@id\":\"https:\\\/\\\/www.kajak-uteliv.com\\\/de\\\/#website\",\"url\":\"https:\\\/\\\/www.kajak-uteliv.com\\\/de\\\/\",\"name\":\"Kajak &amp; Uteliv\",\"description\":\"Skapa dina egna \u00e4ventyr\",\"potentialAction\":[{\"@type\":\"SearchAction\",\"target\":{\"@type\":\"EntryPoint\",\"urlTemplate\":\"https:\\\/\\\/www.kajak-uteliv.com\\\/de\\\/?s={search_term_string}\"},\"query-input\":{\"@type\":\"PropertyValueSpecification\",\"valueRequired\":true,\"valueName\":\"search_term_string\"}}],\"inLanguage\":\"de-DE\"}]}<\/script>\n<!-- \/ Yoast SEO plugin. -->","yoast_head_json":{"title":"Paddla Kajak i Roslagen - Kajak & Uteliv","description":"Kajak & Uteliv erbjuder en komplett kajakupplevelse. Hos oss kan du hyra kajak, delta i n\u00e5gon av v\u00e5ra kurser samt k\u00f6pa tillbeh\u00f6r till din kajak.","robots":{"index":"index","follow":"follow","max-snippet":"max-snippet:-1","max-image-preview":"max-image-preview:large","max-video-preview":"max-video-preview:-1"},"canonical":"https:\/\/www.kajak-uteliv.com\/de\/","og_locale":"de_DE","og_type":"article","og_title":"Paddla Kajak i Roslagen - Kajak & Uteliv","og_description":"Kajak & Uteliv erbjuder en komplett kajakupplevelse. Hos oss kan du hyra kajak, delta i n\u00e5gon av v\u00e5ra kurser samt k\u00f6pa tillbeh\u00f6r till din kajak.","og_url":"https:\/\/www.kajak-uteliv.com\/de\/","og_site_name":"Kajak &amp; Uteliv","article_publisher":"https:\/\/www.facebook.com\/KajakochUteliv\/","article_modified_time":"2018-03-28T22:27:30+00:00","twitter_card":"summary_large_image","schema":{"@context":"https:\/\/schema.org","@graph":[{"@type":"WebPage","@id":"https:\/\/www.kajak-uteliv.com\/de\/","url":"https:\/\/www.kajak-uteliv.com\/de\/","name":"Paddla Kajak i Roslagen - Kajak & Uteliv","isPartOf":{"@id":"https:\/\/www.kajak-uteliv.com\/de\/#website"},"datePublished":"2018-03-28T22:09:21+00:00","dateModified":"2018-03-28T22:27:30+00:00","description":"Kajak & Uteliv erbjuder en komplett kajakupplevelse. Hos oss kan du hyra kajak, delta i n\u00e5gon av v\u00e5ra kurser samt k\u00f6pa tillbeh\u00f6r till din kajak.","breadcrumb":{"@id":"https:\/\/www.kajak-uteliv.com\/de\/#breadcrumb"},"inLanguage":"de-DE","potentialAction":[{"@type":"ReadAction","target":["https:\/\/www.kajak-uteliv.com\/de\/"]}]},{"@type":"BreadcrumbList","@id":"https:\/\/www.kajak-uteliv.com\/de\/#breadcrumb","itemListElement":[{"@type":"ListItem","position":1,"name":"Hem","item":"https:\/\/www.kajak-uteliv.com\/de\/"},{"@type":"ListItem","position":2,"name":"Zuhause"}]},{"@type":"WebSite","@id":"https:\/\/www.kajak-uteliv.com\/de\/#website","url":"https:\/\/www.kajak-uteliv.com\/de\/","name":"Kajak &amp; Uteliv","description":"Skapa dina egna \u00e4ventyr","potentialAction":[{"@type":"SearchAction","target":{"@type":"EntryPoint","urlTemplate":"https:\/\/www.kajak-uteliv.com\/de\/?s={search_term_string}"},"query-input":{"@type":"PropertyValueSpecification","valueRequired":true,"valueName":"search_term_string"}}],"inLanguage":"de-DE"}]}},"_links":{"self":[{"href":"https:\/\/www.kajak-uteliv.com\/de\/wp-json\/wp\/v2\/pages\/2888","targetHints":{"allow":["GET"]}}],"collection":[{"href":"https:\/\/www.kajak-uteliv.com\/de\/wp-json\/wp\/v2\/pages"}],"about":[{"href":"https:\/\/www.kajak-uteliv.com\/de\/wp-json\/wp\/v2\/types\/page"}],"author":[{"embeddable":true,"href":"https:\/\/www.kajak-uteliv.com\/de\/wp-json\/wp\/v2\/users\/2"}],"replies":[{"embeddable":true,"href":"https:\/\/www.kajak-uteliv.com\/de\/wp-json\/wp\/v2\/comments?post=2888"}],"version-history":[{"count":4,"href":"https:\/\/www.kajak-uteliv.com\/de\/wp-json\/wp\/v2\/pages\/2888\/revisions"}],"predecessor-version":[{"id":2901,"href":"https:\/\/www.kajak-uteliv.com\/de\/wp-json\/wp\/v2\/pages\/2888\/revisions\/2901"}],"wp:attachment":[{"href":"https:\/\/www.kajak-uteliv.com\/de\/wp-json\/wp\/v2\/media?parent=2888"}],"curies":[{"name":"wp","href":"https:\/\/api.w.org\/{rel}","templated":true}]}}