{"id":2557,"date":"2018-02-09T11:29:16","date_gmt":"2018-02-09T10:29:16","guid":{"rendered":"https:\/\/www.kajak-uteliv.com\/uthyrning\/"},"modified":"2022-07-28T14:28:07","modified_gmt":"2022-07-28T12:28:07","slug":"rental","status":"publish","type":"page","link":"https:\/\/www.kajak-uteliv.com\/en\/rental\/","title":{"rendered":"Rental"},"content":{"rendered":"","protected":false},"excerpt":{"rendered":"","protected":false},"author":5,"featured_media":0,"parent":0,"menu_order":0,"comment_status":"closed","ping_status":"closed","template":"","meta":{"_acf_changed":false,"footnotes":""},"class_list":["post-2557","page","type-page","status-publish","hentry"],"acf":[],"yoast_head":"<!-- This site is optimized with the Yoast SEO plugin v27.5 - https:\/\/yoast.com\/product\/yoast-seo-wordpress\/ -->\n<title>Hyra Kajak och Stand Up Paddel i Roslagen - Kajak &amp; Uteliv<\/title>\n<meta name=\"description\" content=\"Hos oss p\u00e5 Kajak &amp; Uteliv kan du hyra kajak och utforska de norra delarna av Stockholms sk\u00e4rg\u00e5rd. V\u00e5r anl\u00e4ggning finns p\u00e5 Gr\u00e4dd\u00f6 utanf\u00f6r Norrt\u00e4lje.\" \/>\n<meta name=\"robots\" content=\"index, follow, max-snippet:-1, max-image-preview:large, max-video-preview:-1\" \/>\n<link rel=\"canonical\" href=\"https:\/\/www.kajak-uteliv.com\/en\/rental\/\" \/>\n<meta property=\"og:locale\" content=\"en_US\" \/>\n<meta property=\"og:type\" content=\"article\" \/>\n<meta property=\"og:title\" content=\"Hyra Kajak och Stand Up Paddel i Roslagen - Kajak &amp; Uteliv\" \/>\n<meta property=\"og:description\" content=\"Hos oss p\u00e5 Kajak &amp; Uteliv kan du hyra kajak och utforska de norra delarna av Stockholms sk\u00e4rg\u00e5rd. V\u00e5r anl\u00e4ggning finns p\u00e5 Gr\u00e4dd\u00f6 utanf\u00f6r Norrt\u00e4lje.\" \/>\n<meta property=\"og:url\" content=\"https:\/\/www.kajak-uteliv.com\/en\/rental\/\" \/>\n<meta property=\"og:site_name\" content=\"Kajak &amp; Uteliv\" \/>\n<meta property=\"article:publisher\" content=\"https:\/\/www.facebook.com\/KajakochUteliv\/\" \/>\n<meta property=\"article:modified_time\" content=\"2022-07-28T12:28:07+00:00\" \/>\n<meta name=\"twitter:card\" content=\"summary_large_image\" \/>\n<script type=\"application\/ld+json\" class=\"yoast-schema-graph\">{\"@context\":\"https:\\\/\\\/schema.org\",\"@graph\":[{\"@type\":\"WebPage\",\"@id\":\"https:\\\/\\\/www.kajak-uteliv.com\\\/en\\\/rental\\\/\",\"url\":\"https:\\\/\\\/www.kajak-uteliv.com\\\/en\\\/rental\\\/\",\"name\":\"Hyra Kajak och Stand Up Paddel i Roslagen - Kajak & Uteliv\",\"isPartOf\":{\"@id\":\"https:\\\/\\\/www.kajak-uteliv.com\\\/en\\\/#website\"},\"datePublished\":\"2018-02-09T10:29:16+00:00\",\"dateModified\":\"2022-07-28T12:28:07+00:00\",\"description\":\"Hos oss p\u00e5 Kajak & Uteliv kan du hyra kajak och utforska de norra delarna av Stockholms sk\u00e4rg\u00e5rd. V\u00e5r anl\u00e4ggning finns p\u00e5 Gr\u00e4dd\u00f6 utanf\u00f6r Norrt\u00e4lje.\",\"breadcrumb\":{\"@id\":\"https:\\\/\\\/www.kajak-uteliv.com\\\/en\\\/rental\\\/#breadcrumb\"},\"inLanguage\":\"en-US\",\"potentialAction\":[{\"@type\":\"ReadAction\",\"target\":[\"https:\\\/\\\/www.kajak-uteliv.com\\\/en\\\/rental\\\/\"]}]},{\"@type\":\"BreadcrumbList\",\"@id\":\"https:\\\/\\\/www.kajak-uteliv.com\\\/en\\\/rental\\\/#breadcrumb\",\"itemListElement\":[{\"@type\":\"ListItem\",\"position\":1,\"name\":\"Hem\",\"item\":\"https:\\\/\\\/www.kajak-uteliv.com\\\/en\\\/\"},{\"@type\":\"ListItem\",\"position\":2,\"name\":\"Rental\"}]},{\"@type\":\"WebSite\",\"@id\":\"https:\\\/\\\/www.kajak-uteliv.com\\\/en\\\/#website\",\"url\":\"https:\\\/\\\/www.kajak-uteliv.com\\\/en\\\/\",\"name\":\"Kajak &amp; Uteliv\",\"description\":\"Skapa dina egna \u00e4ventyr\",\"potentialAction\":[{\"@type\":\"SearchAction\",\"target\":{\"@type\":\"EntryPoint\",\"urlTemplate\":\"https:\\\/\\\/www.kajak-uteliv.com\\\/en\\\/?s={search_term_string}\"},\"query-input\":{\"@type\":\"PropertyValueSpecification\",\"valueRequired\":true,\"valueName\":\"search_term_string\"}}],\"inLanguage\":\"en-US\"}]}<\/script>\n<!-- \/ Yoast SEO plugin. -->","yoast_head_json":{"title":"Hyra Kajak och Stand Up Paddel i Roslagen - Kajak & Uteliv","description":"Hos oss p\u00e5 Kajak & Uteliv kan du hyra kajak och utforska de norra delarna av Stockholms sk\u00e4rg\u00e5rd. V\u00e5r anl\u00e4ggning finns p\u00e5 Gr\u00e4dd\u00f6 utanf\u00f6r Norrt\u00e4lje.","robots":{"index":"index","follow":"follow","max-snippet":"max-snippet:-1","max-image-preview":"max-image-preview:large","max-video-preview":"max-video-preview:-1"},"canonical":"https:\/\/www.kajak-uteliv.com\/en\/rental\/","og_locale":"en_US","og_type":"article","og_title":"Hyra Kajak och Stand Up Paddel i Roslagen - Kajak & Uteliv","og_description":"Hos oss p\u00e5 Kajak & Uteliv kan du hyra kajak och utforska de norra delarna av Stockholms sk\u00e4rg\u00e5rd. V\u00e5r anl\u00e4ggning finns p\u00e5 Gr\u00e4dd\u00f6 utanf\u00f6r Norrt\u00e4lje.","og_url":"https:\/\/www.kajak-uteliv.com\/en\/rental\/","og_site_name":"Kajak &amp; Uteliv","article_publisher":"https:\/\/www.facebook.com\/KajakochUteliv\/","article_modified_time":"2022-07-28T12:28:07+00:00","twitter_card":"summary_large_image","schema":{"@context":"https:\/\/schema.org","@graph":[{"@type":"WebPage","@id":"https:\/\/www.kajak-uteliv.com\/en\/rental\/","url":"https:\/\/www.kajak-uteliv.com\/en\/rental\/","name":"Hyra Kajak och Stand Up Paddel i Roslagen - Kajak & Uteliv","isPartOf":{"@id":"https:\/\/www.kajak-uteliv.com\/en\/#website"},"datePublished":"2018-02-09T10:29:16+00:00","dateModified":"2022-07-28T12:28:07+00:00","description":"Hos oss p\u00e5 Kajak & Uteliv kan du hyra kajak och utforska de norra delarna av Stockholms sk\u00e4rg\u00e5rd. V\u00e5r anl\u00e4ggning finns p\u00e5 Gr\u00e4dd\u00f6 utanf\u00f6r Norrt\u00e4lje.","breadcrumb":{"@id":"https:\/\/www.kajak-uteliv.com\/en\/rental\/#breadcrumb"},"inLanguage":"en-US","potentialAction":[{"@type":"ReadAction","target":["https:\/\/www.kajak-uteliv.com\/en\/rental\/"]}]},{"@type":"BreadcrumbList","@id":"https:\/\/www.kajak-uteliv.com\/en\/rental\/#breadcrumb","itemListElement":[{"@type":"ListItem","position":1,"name":"Hem","item":"https:\/\/www.kajak-uteliv.com\/en\/"},{"@type":"ListItem","position":2,"name":"Rental"}]},{"@type":"WebSite","@id":"https:\/\/www.kajak-uteliv.com\/en\/#website","url":"https:\/\/www.kajak-uteliv.com\/en\/","name":"Kajak &amp; Uteliv","description":"Skapa dina egna \u00e4ventyr","potentialAction":[{"@type":"SearchAction","target":{"@type":"EntryPoint","urlTemplate":"https:\/\/www.kajak-uteliv.com\/en\/?s={search_term_string}"},"query-input":{"@type":"PropertyValueSpecification","valueRequired":true,"valueName":"search_term_string"}}],"inLanguage":"en-US"}]}},"_links":{"self":[{"href":"https:\/\/www.kajak-uteliv.com\/en\/wp-json\/wp\/v2\/pages\/2557","targetHints":{"allow":["GET"]}}],"collection":[{"href":"https:\/\/www.kajak-uteliv.com\/en\/wp-json\/wp\/v2\/pages"}],"about":[{"href":"https:\/\/www.kajak-uteliv.com\/en\/wp-json\/wp\/v2\/types\/page"}],"author":[{"embeddable":true,"href":"https:\/\/www.kajak-uteliv.com\/en\/wp-json\/wp\/v2\/users\/5"}],"replies":[{"embeddable":true,"href":"https:\/\/www.kajak-uteliv.com\/en\/wp-json\/wp\/v2\/comments?post=2557"}],"version-history":[{"count":6,"href":"https:\/\/www.kajak-uteliv.com\/en\/wp-json\/wp\/v2\/pages\/2557\/revisions"}],"predecessor-version":[{"id":14586,"href":"https:\/\/www.kajak-uteliv.com\/en\/wp-json\/wp\/v2\/pages\/2557\/revisions\/14586"}],"wp:attachment":[{"href":"https:\/\/www.kajak-uteliv.com\/en\/wp-json\/wp\/v2\/media?parent=2557"}],"curies":[{"name":"wp","href":"https:\/\/api.w.org\/{rel}","templated":true}]}}