{"id":2668,"date":"2018-02-02T11:19:10","date_gmt":"2018-02-02T10:19:10","guid":{"rendered":"https:\/\/www.kajak-uteliv.com\/kajaksaker\/uncategorized\/stand-up-paddle-course\/"},"modified":"2020-11-29T00:00:12","modified_gmt":"2020-11-28T23:00:12","slug":"stand-up-paddle-course","status":"publish","type":"product","link":"https:\/\/www.kajak-uteliv.com\/en\/kajaksaker\/courses-en\/stand-up-paddle-course\/","title":{"rendered":"Stand Up Paddle course"},"content":{"rendered":"<p>Stand Up Paddle, SUP, for short, can be briefly explained as standing on a board while moving forward with the help of a paddle with a longer shaft. The main reason that SUP has become so popular is its versatility. Surfing big waves, or the smallest. Paddling on flat water to improve your fitness and strengthen muscles, or participate in marathon races. Paddle flowing water and small rapids. Most see SUP as a positive alternative to get out on the water, keep in shape and discover new areas and along the coastline. Almost everyone can paddle SUP.\u00a0 Sure, it can feel a bit wobbly when you move up from kneeling to standing but surprisingly quickly, you have found the balance and will feel comfortable with your new ride. During the course we teach you different techniques to maneuver your board and to improve your balance. If the weather is good we may do some exercise that resolve in some swimming. But most of all we just have fun!<\/p>\n<p><strong><u>Dates 2020:<\/u><\/strong><\/p>\n<p><strong>Time: 13.00-14.30 &amp; 15.00-16.30<\/strong><\/p>\n<p><strong>July:<\/strong> 2nd, 9th, 16th, 23rd, 30th<br \/>\n<strong>August:<\/strong> 6th, 13th<\/p>\n<p><strong>Price<\/strong>: 375 SEK<\/p>\n<p><strong>This is included: <\/strong><\/p>\n<ul>\n<li>SUP-board<\/li>\n<li>Lifejacket<\/li>\n<li>Paddle<\/li>\n<li>Wetsuit<\/li>\n<li>Certified guide<\/li>\n<\/ul>\n<p><strong>You bring yourself:<\/strong><\/p>\n<ul>\n<li>Clothes to paddle in (sports clothing or swim wear, not jeans or cotton \u2013 you will most likely get wet)<\/li>\n<li>Towel<\/li>\n<li>Set of spare clothes for after the course<\/li>\n<li>Sunhat, sun cream, sunglasses<\/li>\n<li>Water bottle (can be filled at Gr\u00e4dd\u00f6)<\/li>\n<li>Possibly something warm to drink after the course<\/li>\n<\/ul>\n","protected":false},"excerpt":{"rendered":"<p>&nbsp;<\/p>\n<h3>The perfect opportunity to get a good introduction to SUP-paddling!<br \/>\nTogether we explore the balance and maneuvering on the board.<br \/>\nRead more below.<\/h3>\n","protected":false},"featured_media":2980,"template":"","meta":{"_acf_changed":false},"product_brand":[],"product_cat":[423],"product_tag":[],"class_list":{"0":"post-2668","1":"product","2":"type-product","3":"status-publish","4":"has-post-thumbnail","6":"product_cat-courses-en","7":"brands-kajak-uteliv","9":"first","10":"instock","11":"taxable","12":"shipping-taxable","13":"product-type-variable"},"acf":[],"yoast_head":"<!-- This site is optimized with the Yoast SEO plugin v27.5 - https:\/\/yoast.com\/product\/yoast-seo-wordpress\/ -->\n<title>Stand Up Paddle course - Kajak &amp; Uteliv - V\u00e4lutbildad instrukt\u00f6r och kursintyg<\/title>\n<meta name=\"description\" content=\"F\u00f6r dig som vill komma ig\u00e5ng och l\u00e4ra dig grunderna i SUP paddling tillsammans med tips f\u00f6r hur du utvecklar ditt paddlande.\" \/>\n<meta name=\"robots\" content=\"index, follow, max-snippet:-1, max-image-preview:large, max-video-preview:-1\" \/>\n<link rel=\"canonical\" href=\"https:\/\/www.kajak-uteliv.com\/en\/kajaksaker\/courses-en\/stand-up-paddle-course\/\" \/>\n<meta property=\"og:locale\" content=\"en_US\" \/>\n<meta property=\"og:type\" content=\"article\" \/>\n<meta property=\"og:title\" content=\"Stand Up Paddle course - Kajak &amp; Uteliv - V\u00e4lutbildad instrukt\u00f6r och kursintyg\" \/>\n<meta property=\"og:description\" content=\"F\u00f6r dig som vill komma ig\u00e5ng och l\u00e4ra dig grunderna i SUP paddling tillsammans med tips f\u00f6r hur du utvecklar ditt paddlande.\" \/>\n<meta property=\"og:url\" content=\"https:\/\/www.kajak-uteliv.com\/en\/kajaksaker\/courses-en\/stand-up-paddle-course\/\" \/>\n<meta property=\"og:site_name\" content=\"Kajak &amp; Uteliv\" \/>\n<meta property=\"article:publisher\" content=\"https:\/\/www.facebook.com\/KajakochUteliv\/\" \/>\n<meta property=\"article:modified_time\" content=\"2020-11-28T23:00:12+00:00\" \/>\n<meta property=\"og:image\" content=\"https:\/\/www.kajak-uteliv.com\/content\/uploads\/2018\/02\/pb_sommar-2011-053.png\" \/>\n\t<meta property=\"og:image:width\" content=\"800\" \/>\n\t<meta property=\"og:image:height\" content=\"600\" \/>\n\t<meta property=\"og:image:type\" content=\"image\/png\" \/>\n<meta name=\"twitter:card\" content=\"summary_large_image\" \/>\n<meta name=\"twitter:label1\" content=\"Est. reading time\" \/>\n\t<meta name=\"twitter:data1\" content=\"1 minute\" \/>\n<script type=\"application\/ld+json\" class=\"yoast-schema-graph\">{\"@context\":\"https:\\\/\\\/schema.org\",\"@graph\":[{\"@type\":\"WebPage\",\"@id\":\"https:\\\/\\\/www.kajak-uteliv.com\\\/en\\\/kajaksaker\\\/courses-en\\\/stand-up-paddle-course\\\/\",\"url\":\"https:\\\/\\\/www.kajak-uteliv.com\\\/en\\\/kajaksaker\\\/courses-en\\\/stand-up-paddle-course\\\/\",\"name\":\"Stand Up Paddle course - Kajak &amp; Uteliv - V\u00e4lutbildad instrukt\u00f6r och kursintyg\",\"isPartOf\":{\"@id\":\"https:\\\/\\\/www.kajak-uteliv.com\\\/en\\\/#website\"},\"primaryImageOfPage\":{\"@id\":\"https:\\\/\\\/www.kajak-uteliv.com\\\/en\\\/kajaksaker\\\/courses-en\\\/stand-up-paddle-course\\\/#primaryimage\"},\"image\":{\"@id\":\"https:\\\/\\\/www.kajak-uteliv.com\\\/en\\\/kajaksaker\\\/courses-en\\\/stand-up-paddle-course\\\/#primaryimage\"},\"thumbnailUrl\":\"\\\/content\\\/uploads\\\/2018\\\/02\\\/pb_sommar-2011-053.png\",\"datePublished\":\"2018-02-02T10:19:10+00:00\",\"dateModified\":\"2020-11-28T23:00:12+00:00\",\"description\":\"F\u00f6r dig som vill komma ig\u00e5ng och l\u00e4ra dig grunderna i SUP paddling tillsammans med tips f\u00f6r hur du utvecklar ditt paddlande.\",\"breadcrumb\":{\"@id\":\"https:\\\/\\\/www.kajak-uteliv.com\\\/en\\\/kajaksaker\\\/courses-en\\\/stand-up-paddle-course\\\/#breadcrumb\"},\"inLanguage\":\"en-US\",\"potentialAction\":[{\"@type\":\"ReadAction\",\"target\":[\"https:\\\/\\\/www.kajak-uteliv.com\\\/en\\\/kajaksaker\\\/courses-en\\\/stand-up-paddle-course\\\/\"]}]},{\"@type\":\"ImageObject\",\"inLanguage\":\"en-US\",\"@id\":\"https:\\\/\\\/www.kajak-uteliv.com\\\/en\\\/kajaksaker\\\/courses-en\\\/stand-up-paddle-course\\\/#primaryimage\",\"url\":\"\\\/content\\\/uploads\\\/2018\\\/02\\\/pb_sommar-2011-053.png\",\"contentUrl\":\"\\\/content\\\/uploads\\\/2018\\\/02\\\/pb_sommar-2011-053.png\",\"width\":800,\"height\":600},{\"@type\":\"BreadcrumbList\",\"@id\":\"https:\\\/\\\/www.kajak-uteliv.com\\\/en\\\/kajaksaker\\\/courses-en\\\/stand-up-paddle-course\\\/#breadcrumb\",\"itemListElement\":[{\"@type\":\"ListItem\",\"position\":1,\"name\":\"Hem\",\"item\":\"https:\\\/\\\/www.kajak-uteliv.com\\\/en\\\/\"},{\"@type\":\"ListItem\",\"position\":2,\"name\":\"Shop\",\"item\":\"https:\\\/\\\/www.kajak-uteliv.com\\\/en\\\/kajaksaker\\\/\"},{\"@type\":\"ListItem\",\"position\":3,\"name\":\"Stand Up Paddle course\"}]},{\"@type\":\"WebSite\",\"@id\":\"https:\\\/\\\/www.kajak-uteliv.com\\\/en\\\/#website\",\"url\":\"https:\\\/\\\/www.kajak-uteliv.com\\\/en\\\/\",\"name\":\"Kajak &amp; Uteliv\",\"description\":\"Skapa dina egna \u00e4ventyr\",\"potentialAction\":[{\"@type\":\"SearchAction\",\"target\":{\"@type\":\"EntryPoint\",\"urlTemplate\":\"https:\\\/\\\/www.kajak-uteliv.com\\\/en\\\/?s={search_term_string}\"},\"query-input\":{\"@type\":\"PropertyValueSpecification\",\"valueRequired\":true,\"valueName\":\"search_term_string\"}}],\"inLanguage\":\"en-US\"}]}<\/script>\n<!-- \/ Yoast SEO plugin. -->","yoast_head_json":{"title":"Stand Up Paddle course - Kajak &amp; Uteliv - V\u00e4lutbildad instrukt\u00f6r och kursintyg","description":"F\u00f6r dig som vill komma ig\u00e5ng och l\u00e4ra dig grunderna i SUP paddling tillsammans med tips f\u00f6r hur du utvecklar ditt paddlande.","robots":{"index":"index","follow":"follow","max-snippet":"max-snippet:-1","max-image-preview":"max-image-preview:large","max-video-preview":"max-video-preview:-1"},"canonical":"https:\/\/www.kajak-uteliv.com\/en\/kajaksaker\/courses-en\/stand-up-paddle-course\/","og_locale":"en_US","og_type":"article","og_title":"Stand Up Paddle course - Kajak &amp; Uteliv - V\u00e4lutbildad instrukt\u00f6r och kursintyg","og_description":"F\u00f6r dig som vill komma ig\u00e5ng och l\u00e4ra dig grunderna i SUP paddling tillsammans med tips f\u00f6r hur du utvecklar ditt paddlande.","og_url":"https:\/\/www.kajak-uteliv.com\/en\/kajaksaker\/courses-en\/stand-up-paddle-course\/","og_site_name":"Kajak &amp; Uteliv","article_publisher":"https:\/\/www.facebook.com\/KajakochUteliv\/","article_modified_time":"2020-11-28T23:00:12+00:00","og_image":[{"width":800,"height":600,"url":"https:\/\/www.kajak-uteliv.com\/content\/uploads\/2018\/02\/pb_sommar-2011-053.png","type":"image\/png"}],"twitter_card":"summary_large_image","twitter_misc":{"Est. reading time":"1 minute"},"schema":{"@context":"https:\/\/schema.org","@graph":[{"@type":"WebPage","@id":"https:\/\/www.kajak-uteliv.com\/en\/kajaksaker\/courses-en\/stand-up-paddle-course\/","url":"https:\/\/www.kajak-uteliv.com\/en\/kajaksaker\/courses-en\/stand-up-paddle-course\/","name":"Stand Up Paddle course - Kajak &amp; Uteliv - V\u00e4lutbildad instrukt\u00f6r och kursintyg","isPartOf":{"@id":"https:\/\/www.kajak-uteliv.com\/en\/#website"},"primaryImageOfPage":{"@id":"https:\/\/www.kajak-uteliv.com\/en\/kajaksaker\/courses-en\/stand-up-paddle-course\/#primaryimage"},"image":{"@id":"https:\/\/www.kajak-uteliv.com\/en\/kajaksaker\/courses-en\/stand-up-paddle-course\/#primaryimage"},"thumbnailUrl":"\/content\/uploads\/2018\/02\/pb_sommar-2011-053.png","datePublished":"2018-02-02T10:19:10+00:00","dateModified":"2020-11-28T23:00:12+00:00","description":"F\u00f6r dig som vill komma ig\u00e5ng och l\u00e4ra dig grunderna i SUP paddling tillsammans med tips f\u00f6r hur du utvecklar ditt paddlande.","breadcrumb":{"@id":"https:\/\/www.kajak-uteliv.com\/en\/kajaksaker\/courses-en\/stand-up-paddle-course\/#breadcrumb"},"inLanguage":"en-US","potentialAction":[{"@type":"ReadAction","target":["https:\/\/www.kajak-uteliv.com\/en\/kajaksaker\/courses-en\/stand-up-paddle-course\/"]}]},{"@type":"ImageObject","inLanguage":"en-US","@id":"https:\/\/www.kajak-uteliv.com\/en\/kajaksaker\/courses-en\/stand-up-paddle-course\/#primaryimage","url":"\/content\/uploads\/2018\/02\/pb_sommar-2011-053.png","contentUrl":"\/content\/uploads\/2018\/02\/pb_sommar-2011-053.png","width":800,"height":600},{"@type":"BreadcrumbList","@id":"https:\/\/www.kajak-uteliv.com\/en\/kajaksaker\/courses-en\/stand-up-paddle-course\/#breadcrumb","itemListElement":[{"@type":"ListItem","position":1,"name":"Hem","item":"https:\/\/www.kajak-uteliv.com\/en\/"},{"@type":"ListItem","position":2,"name":"Shop","item":"https:\/\/www.kajak-uteliv.com\/en\/kajaksaker\/"},{"@type":"ListItem","position":3,"name":"Stand Up Paddle course"}]},{"@type":"WebSite","@id":"https:\/\/www.kajak-uteliv.com\/en\/#website","url":"https:\/\/www.kajak-uteliv.com\/en\/","name":"Kajak &amp; Uteliv","description":"Skapa dina egna \u00e4ventyr","potentialAction":[{"@type":"SearchAction","target":{"@type":"EntryPoint","urlTemplate":"https:\/\/www.kajak-uteliv.com\/en\/?s={search_term_string}"},"query-input":{"@type":"PropertyValueSpecification","valueRequired":true,"valueName":"search_term_string"}}],"inLanguage":"en-US"}]}},"_links":{"self":[{"href":"https:\/\/www.kajak-uteliv.com\/en\/wp-json\/wp\/v2\/product\/2668","targetHints":{"allow":["GET"]}}],"collection":[{"href":"https:\/\/www.kajak-uteliv.com\/en\/wp-json\/wp\/v2\/product"}],"about":[{"href":"https:\/\/www.kajak-uteliv.com\/en\/wp-json\/wp\/v2\/types\/product"}],"wp:featuredmedia":[{"embeddable":true,"href":"https:\/\/www.kajak-uteliv.com\/en\/wp-json\/wp\/v2\/media\/2980"}],"wp:attachment":[{"href":"https:\/\/www.kajak-uteliv.com\/en\/wp-json\/wp\/v2\/media?parent=2668"}],"wp:term":[{"taxonomy":"product_brand","embeddable":true,"href":"https:\/\/www.kajak-uteliv.com\/en\/wp-json\/wp\/v2\/product_brand?post=2668"},{"taxonomy":"product_cat","embeddable":true,"href":"https:\/\/www.kajak-uteliv.com\/en\/wp-json\/wp\/v2\/product_cat?post=2668"},{"taxonomy":"product_tag","embeddable":true,"href":"https:\/\/www.kajak-uteliv.com\/en\/wp-json\/wp\/v2\/product_tag?post=2668"}],"curies":[{"name":"wp","href":"https:\/\/api.w.org\/{rel}","templated":true}]}}